{"id":74,"date":"2020-03-03T09:49:50","date_gmt":"2020-03-03T08:49:50","guid":{"rendered":"https:\/\/www.fotobox-osttirol.at\/?page_id=74"},"modified":"2024-12-01T17:10:47","modified_gmt":"2024-12-01T16:10:47","slug":"agb-fotobox-osttirol","status":"publish","type":"page","link":"https:\/\/www.fotobox-osttirol.at\/index.php\/agb-fotobox-osttirol\/","title":{"rendered":"AGB"},"content":{"rendered":"\n<h2 class=\"wp-block-heading\" id=\"h-allgemeine-geschaftsbedingungen-zur-buchung-der-fotobox-osttirol\">Allgemeine Gesch\u00e4ftsbedingungen zur Buchung der Fotobox Osttirol<\/h2>\n\n\n\n<h2 class=\"wp-block-heading\" id=\"h-vertragspartner\">Vertragspartner <\/h2>\n\n\n\n<p>Vertragspartner f\u00fcr alle Rechtsgesch\u00e4fte ist Matthias Fuchs, Oberassling 31, 9911 Assling.  Email: <a href=\"mailto:anfrage@fotobox-osttirol.at\">anfrage@fotobox-osttirol.at<\/a> Web: www.fotobox-osttirol.at <\/p>\n\n\n\n<p>F\u00fcr alle Gesch\u00e4ftsbeziehungen zum dem Kunden gelten ausschlie\u00dflich die nachfolgend beschriebenen Allgemeinen Gesch\u00e4ftsbedingungen in der zum Zeitpunkt des Vertragsschlusses geltenden Fassung. Entgegenstehende Gesch\u00e4ftsbedingungen von Kunden erkennen wir nicht, es sei denn, ihre Geltung ist ausdr\u00fccklich zwischen den Parteien vereinbart worden. Sie gelten ebenso f\u00fcr zuk\u00fcnftige Gesch\u00e4ftsbeziehungen der Vertragsparteien, auch wenn sie nicht erneut ausdr\u00fccklich in die sp\u00e4tere Vereinbarung aufgenommen werden.<\/p>\n\n\n\n<h2 class=\"wp-block-heading\" id=\"h-buchung-akzeptiert\">Buchung  akzeptiert <\/h2>\n\n\n\n<p>Durch die Abgabe einer Buchung  akzeptiert der Kunde diese Allgemeinen Gesch\u00e4ftsbedingungen.<\/p>\n\n\n\n<h2 class=\"wp-block-heading\" id=\"h-bilderarchivierung\">Bilderarchivierung<\/h2>\n\n\n\n<p>Wir sind nicht verpflichtet zur dauerhaften Archivierung des von der Fotoboxentstandenen Bildmaterials, sofern nicht ausdr\u00fccklich abweichende Regelungen schriftlich vereinbart wurden. <\/p>\n\n\n\n<h2 class=\"wp-block-heading\" id=\"h-gewahrleistung-und-haftung\">Gew\u00e4hrleistung und Haftung <\/h2>\n\n\n\n<p>Schadensersatzanspr\u00fcche aus Verzug, Unm\u00f6glichkeit der Leistung, Verletzung von gesetzlichen und\/oder vertraglichen Neben\u2010 und Schutzpflichten bei Vertragsabschluss sind ausgeschlossen, soweit der Schaden nicht durch grob fahrl\u00e4ssiges oder vors\u00e4tzliches Verhalten seitens uns verursacht worden ist. <\/p>\n\n\n\n<p>Sollte auf Grund besonderer Umst\u00e4nde, wie z.B. pl\u00f6tzliche Krankheit, Verkehrsunfall, Umwelteinfl\u00fcsse, Verkehrsst\u00f6rungen etc. zu dem vereinbarten Fotobox Termins nicht erscheinen, kann keine Haftung f\u00fcr jegliche daraus resultierenden Sch\u00e4den, Verluste oder Folgen \u00fcbernommen werden. Sollte es kurzfristig auf Grund h\u00f6herer Gewalt zum Ausfall der Fotobox kommen, bem\u00fchen wir uns (soweit vom Kunden erw\u00fcnscht) um eine Ersatzfotobox, der auf eigene Rechnung seine Leistungen erbringt. Ein Anspruch darauf besteht jedoch nicht. <\/p>\n\n\n\n<p>F\u00fcr etwaige Sch\u00e4den an der Fotobox und deren technischen Materialien durch absichtliche oder unabsichtliche Gewalteinwirkung durch den Auftraggeber oder Dritte(Veranstaltungsg\u00e4ste) w\u00e4hrend der Buchungsdauer, gehen komplett zu Lasten des Auftraggebers. Die Fotobox ist Versichert.  Bei einem Schadensfall der Fotobox (nicht Accessoires) ist ein Selbstbehalt von bis zu maximal 300\u20ac vom Veranstalter zu Zahlen.<\/p>\n\n\n\n<p>Auch Ausfallshonorare f\u00fcr zuk\u00fcnftige Buchungen gehen zu Lasten des Auftraggebers.<\/p>\n\n\n\n<h2 class=\"wp-block-heading\" id=\"h-nutzungs-und-urheberrechte\">Nutzungs-und Urheberrechte <\/h2>\n\n\n\n<p>S\u00e4mtliche  Nutzung\u2010  und Urheberrechte liegen auch nach Abschluss einer vertraglichen Vereinbarung ausschlie\u00dflich bei uns. Wird ein eingeschr\u00e4nktes  Nutzung\u2010 oder Vervielf\u00e4ltigungsrecht durch uns an den Kunden \u00fcbertragen, ist bei \u00f6ffentlicher Nutzung der Daten ein eindeutiger Hinweis auf das Urheberrecht zu machen. <\/p>\n\n\n\n<p>Der Auftraggeber erwirbt an den Fotoboxbildern nur die Nutzungsrechte  f\u00fcr den Privatgebrauch. Das Recht der Vervielf\u00e4ltigung und der Weitergabe an Dritte wird f\u00fcr private Zwecke einger\u00e4umt. Die  Nutzungsrechte gehen erst nach vollst\u00e4ndiger Bezahlung des Honorars an uns \u00fcber.  <\/p>\n\n\n\n<p>Die gewerbliche Nutzung, der gewerbliche Weiterverkauf, der gewerbliche Verleih von Fotoboxbildern bzw. deren Verwendung bei \u00f6ffentlichen Auff\u00fchrungen oder in Fotowettbewerben bed\u00fcrfen in jedem Fall vorab der schriftlichen  Vereinbarung. <\/p>\n\n\n\n<p>Wir d\u00fcrfen die Fotos im Rahmen der Eigenwerbung und publizistisch zur  Illustration verwenden (z.B. f\u00fcr Ausstellungen, Messen, Homepage, Blog,  Fachmagazine f\u00fcr Fotografie oder Hochzeiten etc.). Der\/die Auftraggeber  erteilen hierzu mit Vertragsunterzeichnung (oder Vereinbarung per Mail)  ihr ausdr\u00fcckliches  Einverst\u00e4ndnis. Wird dieses Einverst\u00e4ndnis ausdr\u00fccklich nicht erteilt,  besteht f\u00fcr uns die Notwendigkeit der Eigenwerbung. <\/p>\n\n\n\n<h2 class=\"wp-block-heading\" id=\"h-anwendbares-recht-schriftform-teilunwirksamkeit-gerichtsstand\">Anwendbares Recht, Schriftform, Teilunwirksamkeit, Gerichtsstand <\/h2>\n\n\n\n<p>Es gilt ausschlie\u00dflich \u00f6sterreichischem Recht, bei Lieferungen unter Ausschluss des UN\u2010Kaufrechts. Dies gilt auch bei T\u00e4tigkeiten oder Publikationen im Ausland. M\u00fcndliche Nebenabreden sind nicht wirksam. Jegliche vertrags\u00e4ndernden oder erg\u00e4nzenden Vereinbarungen bed\u00fcrfen der Schriftform. Dies gilt auch f\u00fcr dieses Schriftformerfordernis. Bei Unwirksamkeit einzelner Bestimmungen des Vertrages bzw. dieser Allgemeinen Gesch\u00e4ftsbedingungen bleiben die \u00fcbrigen Klauseln weiterhin wirksam. Leistungs\u2010 und Erf\u00fcllungsort ist, soweit gesetzlich zul\u00e4ssig, Lienz. Soweit gesetzlich zul\u00e4ssig, ist Gerichtsstand f\u00fcr alle Streitigkeiten aus den vertraglichen Beziehungen ebenfalls Lienz. <\/p>\n","protected":false},"excerpt":{"rendered":"<p>Allgemeine Gesch\u00e4ftsbedingungen zur Buchung der Fotobox Osttirol Vertragspartner Vertragspartner f\u00fcr alle Rechtsgesch\u00e4fte ist Matthias Fuchs, Oberassling 31, 9911 Assling. Email: anfrage@fotobox-osttirol.at Web: www.fotobox-osttirol.at F\u00fcr alle Gesch\u00e4ftsbeziehungen zum dem Kunden gelten ausschlie\u00dflich die nachfolgend beschriebenen Allgemeinen Gesch\u00e4ftsbedingungen in der zum Zeitpunkt des Vertragsschlusses geltenden Fassung. Entgegenstehende Gesch\u00e4ftsbedingungen von Kunden erkennen wir nicht, es sei denn, ihre &hellip; <\/p>\n<p class=\"link-more\"><a href=\"https:\/\/www.fotobox-osttirol.at\/index.php\/agb-fotobox-osttirol\/\" class=\"more-link\"><span class=\"screen-reader-text\">\u201eAGB\u201c <\/span>weiterlesen<\/a><\/p>\n","protected":false},"author":2,"featured_media":0,"parent":0,"menu_order":0,"comment_status":"closed","ping_status":"closed","template":"","meta":{"footnotes":""},"class_list":["post-74","page","type-page","status-publish","hentry"],"yoast_head":"<!-- This site is optimized with the Yoast SEO Premium plugin v23.9 (Yoast SEO v27.1.1) - https:\/\/yoast.com\/product\/yoast-seo-premium-wordpress\/ -->\n<title>AGB - FotoBox Osttirol<\/title>\n<meta name=\"robots\" content=\"noindex, nofollow\" \/>\n<meta property=\"og:locale\" content=\"de_DE\" \/>\n<meta property=\"og:type\" content=\"article\" \/>\n<meta property=\"og:title\" content=\"AGB\" \/>\n<meta property=\"og:description\" content=\"Allgemeine Gesch\u00e4ftsbedingungen zur Buchung der Fotobox Osttirol Vertragspartner Vertragspartner f\u00fcr alle Rechtsgesch\u00e4fte ist Matthias Fuchs, Oberassling 31, 9911 Assling. Email: anfrage@fotobox-osttirol.at Web: www.fotobox-osttirol.at F\u00fcr alle Gesch\u00e4ftsbeziehungen zum dem Kunden gelten ausschlie\u00dflich die nachfolgend beschriebenen Allgemeinen Gesch\u00e4ftsbedingungen in der zum Zeitpunkt des Vertragsschlusses geltenden Fassung. Entgegenstehende Gesch\u00e4ftsbedingungen von Kunden erkennen wir nicht, es sei denn, ihre &hellip; \u201eAGB\u201c weiterlesen\" \/>\n<meta property=\"og:url\" content=\"https:\/\/www.fotobox-osttirol.at\/index.php\/agb-fotobox-osttirol\/\" \/>\n<meta property=\"og:site_name\" content=\"FotoBox Osttirol\" \/>\n<meta property=\"article:publisher\" content=\"https:\/\/www.facebook.com\/Fotoboxinosttirol\/\" \/>\n<meta property=\"article:modified_time\" content=\"2024-12-01T16:10:47+00:00\" \/>\n<meta property=\"og:image\" content=\"https:\/\/www.fotobox-osttirol.at\/wp-content\/uploads\/2020\/03\/8874412_orig.jpg\" \/>\n\t<meta property=\"og:image:width\" content=\"850\" \/>\n\t<meta property=\"og:image:height\" content=\"567\" \/>\n\t<meta property=\"og:image:type\" content=\"image\/jpeg\" \/>\n<meta name=\"twitter:label1\" content=\"Gesch\u00e4tzte Lesezeit\" \/>\n\t<meta name=\"twitter:data1\" content=\"3\u00a0Minuten\" \/>\n<script type=\"application\/ld+json\" class=\"yoast-schema-graph\">{\"@context\":\"https:\/\/schema.org\",\"@graph\":[{\"@type\":\"WebPage\",\"@id\":\"https:\/\/www.fotobox-osttirol.at\/index.php\/agb-fotobox-osttirol\/\",\"url\":\"https:\/\/www.fotobox-osttirol.at\/index.php\/agb-fotobox-osttirol\/\",\"name\":\"AGB - FotoBox Osttirol\",\"isPartOf\":{\"@id\":\"https:\/\/www.fotobox-osttirol.at\/#website\"},\"datePublished\":\"2020-03-03T08:49:50+00:00\",\"dateModified\":\"2024-12-01T16:10:47+00:00\",\"breadcrumb\":{\"@id\":\"https:\/\/www.fotobox-osttirol.at\/index.php\/agb-fotobox-osttirol\/#breadcrumb\"},\"inLanguage\":\"de\",\"potentialAction\":[{\"@type\":\"ReadAction\",\"target\":[\"https:\/\/www.fotobox-osttirol.at\/index.php\/agb-fotobox-osttirol\/\"]}]},{\"@type\":\"BreadcrumbList\",\"@id\":\"https:\/\/www.fotobox-osttirol.at\/index.php\/agb-fotobox-osttirol\/#breadcrumb\",\"itemListElement\":[{\"@type\":\"ListItem\",\"position\":1,\"name\":\"Home\",\"item\":\"https:\/\/www.fotobox-osttirol.at\/\"},{\"@type\":\"ListItem\",\"position\":2,\"name\":\"AGB\"}]},{\"@type\":\"WebSite\",\"@id\":\"https:\/\/www.fotobox-osttirol.at\/#website\",\"url\":\"https:\/\/www.fotobox-osttirol.at\/\",\"name\":\"FotoBox Osttirol\",\"description\":\"Die Fotobox in Osttirol\",\"publisher\":{\"@id\":\"https:\/\/www.fotobox-osttirol.at\/#organization\"},\"potentialAction\":[{\"@type\":\"SearchAction\",\"target\":{\"@type\":\"EntryPoint\",\"urlTemplate\":\"https:\/\/www.fotobox-osttirol.at\/?s={search_term_string}\"},\"query-input\":{\"@type\":\"PropertyValueSpecification\",\"valueRequired\":true,\"valueName\":\"search_term_string\"}}],\"inLanguage\":\"de\"},{\"@type\":\"Organization\",\"@id\":\"https:\/\/www.fotobox-osttirol.at\/#organization\",\"name\":\"FotoBox Osttirol\",\"url\":\"https:\/\/www.fotobox-osttirol.at\/\",\"logo\":{\"@type\":\"ImageObject\",\"inLanguage\":\"de\",\"@id\":\"https:\/\/www.fotobox-osttirol.at\/#\/schema\/logo\/image\/\",\"url\":\"https:\/\/www.fotobox-osttirol.at\/wp-content\/uploads\/2020\/03\/cropped-cropped-cropped-8874412_orig-2.jpg\",\"contentUrl\":\"https:\/\/www.fotobox-osttirol.at\/wp-content\/uploads\/2020\/03\/cropped-cropped-cropped-8874412_orig-2.jpg\",\"width\":250,\"height\":250,\"caption\":\"FotoBox Osttirol\"},\"image\":{\"@id\":\"https:\/\/www.fotobox-osttirol.at\/#\/schema\/logo\/image\/\"},\"sameAs\":[\"https:\/\/www.facebook.com\/Fotoboxinosttirol\/\",\"https:\/\/www.instagram.com\/fotoboxosttirol\"]}]}<\/script>\n<!-- \/ Yoast SEO Premium plugin. -->","yoast_head_json":{"title":"AGB - FotoBox Osttirol","robots":{"index":"noindex","follow":"nofollow"},"og_locale":"de_DE","og_type":"article","og_title":"AGB","og_description":"Allgemeine Gesch\u00e4ftsbedingungen zur Buchung der Fotobox Osttirol Vertragspartner Vertragspartner f\u00fcr alle Rechtsgesch\u00e4fte ist Matthias Fuchs, Oberassling 31, 9911 Assling. Email: anfrage@fotobox-osttirol.at Web: www.fotobox-osttirol.at F\u00fcr alle Gesch\u00e4ftsbeziehungen zum dem Kunden gelten ausschlie\u00dflich die nachfolgend beschriebenen Allgemeinen Gesch\u00e4ftsbedingungen in der zum Zeitpunkt des Vertragsschlusses geltenden Fassung. Entgegenstehende Gesch\u00e4ftsbedingungen von Kunden erkennen wir nicht, es sei denn, ihre &hellip; \u201eAGB\u201c weiterlesen","og_url":"https:\/\/www.fotobox-osttirol.at\/index.php\/agb-fotobox-osttirol\/","og_site_name":"FotoBox Osttirol","article_publisher":"https:\/\/www.facebook.com\/Fotoboxinosttirol\/","article_modified_time":"2024-12-01T16:10:47+00:00","og_image":[{"width":850,"height":567,"url":"https:\/\/www.fotobox-osttirol.at\/wp-content\/uploads\/2020\/03\/8874412_orig.jpg","type":"image\/jpeg"}],"twitter_misc":{"Gesch\u00e4tzte Lesezeit":"3\u00a0Minuten"},"schema":{"@context":"https:\/\/schema.org","@graph":[{"@type":"WebPage","@id":"https:\/\/www.fotobox-osttirol.at\/index.php\/agb-fotobox-osttirol\/","url":"https:\/\/www.fotobox-osttirol.at\/index.php\/agb-fotobox-osttirol\/","name":"AGB - FotoBox Osttirol","isPartOf":{"@id":"https:\/\/www.fotobox-osttirol.at\/#website"},"datePublished":"2020-03-03T08:49:50+00:00","dateModified":"2024-12-01T16:10:47+00:00","breadcrumb":{"@id":"https:\/\/www.fotobox-osttirol.at\/index.php\/agb-fotobox-osttirol\/#breadcrumb"},"inLanguage":"de","potentialAction":[{"@type":"ReadAction","target":["https:\/\/www.fotobox-osttirol.at\/index.php\/agb-fotobox-osttirol\/"]}]},{"@type":"BreadcrumbList","@id":"https:\/\/www.fotobox-osttirol.at\/index.php\/agb-fotobox-osttirol\/#breadcrumb","itemListElement":[{"@type":"ListItem","position":1,"name":"Home","item":"https:\/\/www.fotobox-osttirol.at\/"},{"@type":"ListItem","position":2,"name":"AGB"}]},{"@type":"WebSite","@id":"https:\/\/www.fotobox-osttirol.at\/#website","url":"https:\/\/www.fotobox-osttirol.at\/","name":"FotoBox Osttirol","description":"Die Fotobox in Osttirol","publisher":{"@id":"https:\/\/www.fotobox-osttirol.at\/#organization"},"potentialAction":[{"@type":"SearchAction","target":{"@type":"EntryPoint","urlTemplate":"https:\/\/www.fotobox-osttirol.at\/?s={search_term_string}"},"query-input":{"@type":"PropertyValueSpecification","valueRequired":true,"valueName":"search_term_string"}}],"inLanguage":"de"},{"@type":"Organization","@id":"https:\/\/www.fotobox-osttirol.at\/#organization","name":"FotoBox Osttirol","url":"https:\/\/www.fotobox-osttirol.at\/","logo":{"@type":"ImageObject","inLanguage":"de","@id":"https:\/\/www.fotobox-osttirol.at\/#\/schema\/logo\/image\/","url":"https:\/\/www.fotobox-osttirol.at\/wp-content\/uploads\/2020\/03\/cropped-cropped-cropped-8874412_orig-2.jpg","contentUrl":"https:\/\/www.fotobox-osttirol.at\/wp-content\/uploads\/2020\/03\/cropped-cropped-cropped-8874412_orig-2.jpg","width":250,"height":250,"caption":"FotoBox Osttirol"},"image":{"@id":"https:\/\/www.fotobox-osttirol.at\/#\/schema\/logo\/image\/"},"sameAs":["https:\/\/www.facebook.com\/Fotoboxinosttirol\/","https:\/\/www.instagram.com\/fotoboxosttirol"]}]}},"_links":{"self":[{"href":"https:\/\/www.fotobox-osttirol.at\/index.php\/wp-json\/wp\/v2\/pages\/74","targetHints":{"allow":["GET"]}}],"collection":[{"href":"https:\/\/www.fotobox-osttirol.at\/index.php\/wp-json\/wp\/v2\/pages"}],"about":[{"href":"https:\/\/www.fotobox-osttirol.at\/index.php\/wp-json\/wp\/v2\/types\/page"}],"author":[{"embeddable":true,"href":"https:\/\/www.fotobox-osttirol.at\/index.php\/wp-json\/wp\/v2\/users\/2"}],"replies":[{"embeddable":true,"href":"https:\/\/www.fotobox-osttirol.at\/index.php\/wp-json\/wp\/v2\/comments?post=74"}],"version-history":[{"count":21,"href":"https:\/\/www.fotobox-osttirol.at\/index.php\/wp-json\/wp\/v2\/pages\/74\/revisions"}],"predecessor-version":[{"id":473,"href":"https:\/\/www.fotobox-osttirol.at\/index.php\/wp-json\/wp\/v2\/pages\/74\/revisions\/473"}],"wp:attachment":[{"href":"https:\/\/www.fotobox-osttirol.at\/index.php\/wp-json\/wp\/v2\/media?parent=74"}],"curies":[{"name":"wp","href":"https:\/\/api.w.org\/{rel}","templated":true}]}}